{"id":780,"date":"2018-09-13T00:18:38","date_gmt":"2018-09-12T22:18:38","guid":{"rendered":"https:\/\/attilios-dog-brettspiele.ch\/?page_id=780"},"modified":"2021-01-10T11:11:47","modified_gmt":"2021-01-10T10:11:47","slug":"bestellen","status":"publish","type":"page","link":"https:\/\/attilios-dog-brettspiele.ch\/?page_id=780","title":{"rendered":"Bestellen"},"content":{"rendered":"<div class=\"fusion-fullwidth fullwidth-box fusion-builder-row-1 fusion-parallax-none nonhundred-percent-fullwidth non-hundred-percent-height-scrolling\" style=\"--awb-background-position:center bottom;--awb-border-sizes-top:0px;--awb-border-sizes-bottom:0px;--awb-border-sizes-left:0px;--awb-border-sizes-right:0px;--awb-border-radius-top-left:0px;--awb-border-radius-top-right:0px;--awb-border-radius-bottom-right:0px;--awb-border-radius-bottom-left:0px;--awb-padding-top:130px;--awb-padding-bottom:110px;--awb-background-image:url(&quot;https:\/\/attilios-dog-brettspiele.ch\/wp-content\/uploads\/2015\/02\/bg-contact.jpg&quot;);--awb-background-size:cover;--awb-flex-wrap:wrap;\" ><div class=\"fusion-builder-row fusion-row\"><div class=\"fusion-layout-column fusion_builder_column fusion-builder-column-0 fusion_builder_column_1_1 1_1 fusion-one-full fusion-column-first fusion-column-last fusion-column-no-min-height\" style=\"--awb-bg-size:cover;--awb-margin-bottom:0px;\"><div class=\"fusion-column-wrapper fusion-flex-column-wrapper-legacy\"><div class=\"fusion-text fusion-text-1\"><h2><span style=\"color: #ffffff;\">DOG BRETTSPIEL BESTELLEN<\/span><\/h2>\n<p><span style=\"color: #ffffff;\">DOG Brettspiele fertigen wir sehr gerne nach deinen W\u00fcnschen an. Lass mich wissen, wie deine Kreation aussehen soll. Die Herstellung deines personalisierten DOG Brettspiels dauert etwa eine Woche. F\u00fcr <a href=\"https:\/\/attilios-dog-brettspiele.ch\/?page_id=15\">Fragen<\/a> oder <a href=\"https:\/\/attilios-dog-brettspiele.ch\/?page_id=15\">Beratung<\/a> stehe ich dir gerne zur Verf\u00fcgung.<\/span><\/p>\n<p><span style=\"color: #ffffff;\">Jedes meiner handgefertigten DOG Brettspiele beinhaltet jeweils zwei verschiedene Varianten. Vorderseite 4er \/ R\u00fcckseite 6er (diverse Varianten m\u00f6glich). Beim Kauf eines DOG Brettspiels sind Spielfiguren, Spielkarten, W\u00fcrfel und Anleitung dabei.<\/span><\/p>\n<p><span style=\"color: #ffffff;\">Bei spezielle W\u00fcnschen, welche mit dem Laser bearbeitet werden m\u00fcssen, wird ein Zuschlag von CHF 25.- bis CHF 40.- berechnet.<\/span><\/p>\n<p><span style=\"color: #ffffff;\"><strong>NEU: gibt es das Reise DOG (DOG Brettspiel 18cm) auch als 3 Spieler Variante zum Aufpreis von CHF 15.-<\/strong><\/span><\/p>\n<\/div><div class=\"fusion-sep-clear\"><\/div><div class=\"fusion-separator fusion-full-width-sep\" style=\"margin-left: auto;margin-right: auto;margin-top:80px;width:100%;\"><\/div><div class=\"fusion-sep-clear\"><\/div><div class=\"fusion-clearfix\"><\/div><\/div><\/div><div class=\"fusion-layout-column fusion_builder_column fusion-builder-column-1 fusion_builder_column_1_6 1_6 fusion-one-sixth fusion-column-first\" style=\"--awb-bg-size:cover;width:13.3333%; margin-right: 4%;\"><div class=\"fusion-column-wrapper fusion-flex-column-wrapper-legacy\"><div class=\"fusion-clearfix\"><\/div><\/div><\/div><div class=\"fusion-layout-column fusion_builder_column fusion-builder-column-2 fusion_builder_column_1_3 1_3 fusion-one-third\" style=\"--awb-bg-size:cover;width:30.6666%; margin-right: 4%;\"><div class=\"fusion-column-wrapper fusion-flex-column-wrapper-legacy\"><style type='text\/css'>\n\t\t\t\t.pricing-table-1 .panel-container, .pricing-table-1 .standout .panel-container,\n\t\t\t\t.pricing-table-1.full-boxed-pricing {background-color:#f8f8f8;}\n\t\t\t\t.pricing-table-1 .list-group .list-group-item,\n\t\t\t\t.pricing-table-1 .list-group .list-group-item:last-child{background-color:#ffffff; border-color:#ffffff;}\n\t\t\t\t.pricing-table-1.full-boxed-pricing .panel-wrapper:hover .panel-heading,\n\t\t\t\t.pricing-table-1 .panel-wrapper:hover .list-group-item {background-color:#f8f8f8;}\n\t\t\t\t.pricing-table-1.full-boxed-pricing .panel-heading{background-color:#ffffff;}\n\t\t\t\t.pricing-table-1 .fusion-panel, .pricing-table-1 .panel-wrapper:last-child .fusion-panel,\n\t\t\t\t.pricing-table-1 .standout .fusion-panel, .pricing-table-1  .panel-heading,\n\t\t\t\t.pricing-table-1 .panel-body, .pricing-table-1 .panel-footer{border-color:#ffffff;}\n\t\t\t\t.pricing-table-1 .panel-body,.pricing-table-1 .panel-footer{background-color:#f8f8f8;}\n\t\t\t\t.pricing-table-1.sep-boxed-pricing .panel-heading h3{color:#ffffff;}\n\t\t\t\t.pricing-table-1.full-boxed-pricing.fusion-pricing-table .panel-heading h3{color:#242930;}\n\t\t\t\t.pricing-table-1.fusion-pricing-table .panel-body .price .decimal-part{color:#62a2c4;}\n\t\t\t\t.pricing-table-1.fusion-pricing-table .panel-body .price .integer-part{color:#62a2c4;}\n\t\t\t\t.pricing-table-1 ul.list-group li{color:#5a5d62;}\n\t\t\t\t<\/style><div class=\"fusion-pricing-table pricing-table-1 full-boxed-pricing row fusion-columns-1 columns-1 fusion-clearfix\"><div class=\"panel-wrapper fusion-column column col-lg-12 col-md-12 col-sm-12 fusion-pricingtable-column\"><div class=\"panel-container\"><div class=\"fusion-panel\"><div class=\"panel-heading\"><h3 class=\"title-row\">DOG BRETTSPIEL 18<\/h3><\/div><div class=\"panel-body pricing-row\"><div class=\"price price-with-decimal\"><span class=\"currency\">CHF<\/span><span class=\"integer-part\">50<\/span><sup class=\"decimal-part\">00<\/sup><span class=\"time\">\/Reise DOG Brettspiel<\/span><\/div><\/div><ul class=\"list-group\"><li class=\"list-group-item normal-row\">Material: Ahorn, Kirschbaum, Fichte<\/li><li class=\"list-group-item normal-row\"> Vorderseite Variante: 3 Spieler (NEU), 4 Spieler<\/li><li class=\"list-group-item normal-row\">R\u00fcckseite Variante: ohne R\u00fcckseite<\/li><li class=\"list-group-item normal-row\">inkl. Spielfiguren, Spielkarten und Anleitung<\/li><\/ul><div class=\"panel-footer footer-row\">Durchmesser: 18cm<\/div><\/div><\/div><\/div><\/div><div class=\"fusion-clearfix\"><\/div><\/div><\/div><div class=\"fusion-layout-column fusion_builder_column fusion-builder-column-3 fusion_builder_column_1_3 1_3 fusion-one-third\" style=\"--awb-bg-size:cover;width:30.6666%; margin-right: 4%;\"><div class=\"fusion-column-wrapper fusion-flex-column-wrapper-legacy\"><style type='text\/css'>\n\t\t\t\t.pricing-table-2 .panel-container, .pricing-table-2 .standout .panel-container,\n\t\t\t\t.pricing-table-2.full-boxed-pricing {background-color:#f8f8f8;}\n\t\t\t\t.pricing-table-2 .list-group .list-group-item,\n\t\t\t\t.pricing-table-2 .list-group .list-group-item:last-child{background-color:#ffffff; border-color:#ffffff;}\n\t\t\t\t.pricing-table-2.full-boxed-pricing .panel-wrapper:hover .panel-heading,\n\t\t\t\t.pricing-table-2 .panel-wrapper:hover .list-group-item {background-color:#f8f8f8;}\n\t\t\t\t.pricing-table-2.full-boxed-pricing .panel-heading{background-color:#ffffff;}\n\t\t\t\t.pricing-table-2 .fusion-panel, .pricing-table-2 .panel-wrapper:last-child .fusion-panel,\n\t\t\t\t.pricing-table-2 .standout .fusion-panel, .pricing-table-2  .panel-heading,\n\t\t\t\t.pricing-table-2 .panel-body, .pricing-table-2 .panel-footer{border-color:#ffffff;}\n\t\t\t\t.pricing-table-2 .panel-body,.pricing-table-2 .panel-footer{background-color:#f8f8f8;}\n\t\t\t\t.pricing-table-2.sep-boxed-pricing .panel-heading h3{color:#ffffff;}\n\t\t\t\t.pricing-table-2.full-boxed-pricing.fusion-pricing-table .panel-heading h3{color:#242930;}\n\t\t\t\t.pricing-table-2.fusion-pricing-table .panel-body .price .decimal-part{color:#62a2c4;}\n\t\t\t\t.pricing-table-2.fusion-pricing-table .panel-body .price .integer-part{color:#62a2c4;}\n\t\t\t\t.pricing-table-2 ul.list-group li{color:#5a5d62;}\n\t\t\t\t<\/style><div class=\"fusion-pricing-table pricing-table-2 full-boxed-pricing row fusion-columns-1 columns-1 fusion-clearfix\"><div class=\"panel-wrapper fusion-column column col-lg-12 col-md-12 col-sm-12 fusion-pricingtable-column\"><div class=\"panel-container\"><div class=\"fusion-panel\"><div class=\"panel-heading\"><h3 class=\"title-row\">DOG BRETTSPIEL 32<\/h3><\/div><div class=\"panel-body pricing-row\"><div class=\"price price-with-decimal\"><span class=\"currency\">CHF<\/span><span class=\"integer-part\">ab 120<\/span><sup class=\"decimal-part\">00<\/sup><span class=\"time\">\/je nach Design<\/span><\/div><\/div><ul class=\"list-group\"><li class=\"list-group-item normal-row\">Material: Ahorn, Kirschbaum, Fichte<\/li><li class=\"list-group-item normal-row\"> Vorderseite Variante: 3, 4, 5, 6<\/li><li class=\"list-group-item normal-row\">R\u00fcckseite Variante: 3, 4, 5, 6<\/li><li class=\"list-group-item normal-row\">inkl. Spielfiguren, Spielkarten und Anleitung<\/li><\/ul><div class=\"panel-footer footer-row\">Durchmesser: 32cm<\/div><\/div><\/div><\/div><\/div><div class=\"fusion-clearfix\"><\/div><\/div><\/div><div class=\"fusion-layout-column fusion_builder_column fusion-builder-column-4 fusion_builder_column_1_6 1_6 fusion-one-sixth fusion-column-last\" style=\"--awb-bg-size:cover;width:13.3333%;\"><div class=\"fusion-column-wrapper fusion-flex-column-wrapper-legacy\"><div class=\"fusion-clearfix\"><\/div><\/div><\/div><div class=\"fusion-layout-column fusion_builder_column fusion-builder-column-5 fusion_builder_column_1_6 1_6 fusion-one-sixth fusion-column-first\" style=\"--awb-bg-size:cover;width:13.3333%; margin-right: 4%;\"><div class=\"fusion-column-wrapper fusion-flex-column-wrapper-legacy\"><div class=\"fusion-clearfix\"><\/div><\/div><\/div><div class=\"fusion-layout-column fusion_builder_column fusion-builder-column-6 fusion_builder_column_1_3 1_3 fusion-one-third\" style=\"--awb-bg-size:cover;width:30.6666%; margin-right: 4%;\"><div class=\"fusion-column-wrapper fusion-flex-column-wrapper-legacy\"><style type='text\/css'>\n\t\t\t\t.pricing-table-3 .panel-container, .pricing-table-3 .standout .panel-container,\n\t\t\t\t.pricing-table-3.full-boxed-pricing {background-color:#f8f8f8;}\n\t\t\t\t.pricing-table-3 .list-group .list-group-item,\n\t\t\t\t.pricing-table-3 .list-group .list-group-item:last-child{background-color:#ffffff; border-color:#ffffff;}\n\t\t\t\t.pricing-table-3.full-boxed-pricing .panel-wrapper:hover .panel-heading,\n\t\t\t\t.pricing-table-3 .panel-wrapper:hover .list-group-item {background-color:#f8f8f8;}\n\t\t\t\t.pricing-table-3.full-boxed-pricing .panel-heading{background-color:#ffffff;}\n\t\t\t\t.pricing-table-3 .fusion-panel, .pricing-table-3 .panel-wrapper:last-child .fusion-panel,\n\t\t\t\t.pricing-table-3 .standout .fusion-panel, .pricing-table-3  .panel-heading,\n\t\t\t\t.pricing-table-3 .panel-body, .pricing-table-3 .panel-footer{border-color:#ffffff;}\n\t\t\t\t.pricing-table-3 .panel-body,.pricing-table-3 .panel-footer{background-color:#f8f8f8;}\n\t\t\t\t.pricing-table-3.sep-boxed-pricing .panel-heading h3{color:#ffffff;}\n\t\t\t\t.pricing-table-3.full-boxed-pricing.fusion-pricing-table .panel-heading h3{color:#242930;}\n\t\t\t\t.pricing-table-3.fusion-pricing-table .panel-body .price .decimal-part{color:#62a2c4;}\n\t\t\t\t.pricing-table-3.fusion-pricing-table .panel-body .price .integer-part{color:#62a2c4;}\n\t\t\t\t.pricing-table-3 ul.list-group li{color:#5a5d62;}\n\t\t\t\t<\/style><div class=\"fusion-pricing-table pricing-table-3 full-boxed-pricing row fusion-columns-1 columns-1 fusion-clearfix\"><div class=\"panel-wrapper fusion-column column col-lg-12 col-md-12 col-sm-12 fusion-pricingtable-column\"><div class=\"panel-container\"><div class=\"fusion-panel\"><div class=\"panel-heading\"><h3 class=\"title-row\">DOG BRETTSPIEL 42<\/h3><\/div><div class=\"panel-body pricing-row\"><div class=\"price price-with-decimal\"><span class=\"currency\">CHF<\/span><span class=\"integer-part\">ab 180<\/span><sup class=\"decimal-part\">00<\/sup><span class=\"time\">\/je nach Design<\/span><\/div><\/div><ul class=\"list-group\"><li class=\"list-group-item normal-row\">Material: Ahorn, Kirschbaum, Fichte<\/li><li class=\"list-group-item normal-row\"> Vorderseite Variante: 3, 4, 5, 6<\/li><li class=\"list-group-item normal-row\">R\u00fcckseite Variante: 3, 4, 5, 6<\/li><li class=\"list-group-item normal-row\">inkl. Spielfiguren, Spielkarten und Anleitung<\/li><\/ul><div class=\"panel-footer footer-row\">Durchmesser: 42cm<\/div><\/div><\/div><\/div><\/div><div class=\"fusion-clearfix\"><\/div><\/div><\/div><div class=\"fusion-layout-column fusion_builder_column fusion-builder-column-7 fusion_builder_column_1_3 1_3 fusion-one-third\" style=\"--awb-bg-size:cover;width:30.6666%; margin-right: 4%;\"><div class=\"fusion-column-wrapper fusion-flex-column-wrapper-legacy\"><style type='text\/css'>\n\t\t\t\t.pricing-table-4 .panel-container, .pricing-table-4 .standout .panel-container,\n\t\t\t\t.pricing-table-4.full-boxed-pricing {background-color:#f8f8f8;}\n\t\t\t\t.pricing-table-4 .list-group .list-group-item,\n\t\t\t\t.pricing-table-4 .list-group .list-group-item:last-child{background-color:#ffffff; border-color:#ffffff;}\n\t\t\t\t.pricing-table-4.full-boxed-pricing .panel-wrapper:hover .panel-heading,\n\t\t\t\t.pricing-table-4 .panel-wrapper:hover .list-group-item {background-color:#f8f8f8;}\n\t\t\t\t.pricing-table-4.full-boxed-pricing .panel-heading{background-color:#ffffff;}\n\t\t\t\t.pricing-table-4 .fusion-panel, .pricing-table-4 .panel-wrapper:last-child .fusion-panel,\n\t\t\t\t.pricing-table-4 .standout .fusion-panel, .pricing-table-4  .panel-heading,\n\t\t\t\t.pricing-table-4 .panel-body, .pricing-table-4 .panel-footer{border-color:#ffffff;}\n\t\t\t\t.pricing-table-4 .panel-body,.pricing-table-4 .panel-footer{background-color:#f8f8f8;}\n\t\t\t\t.pricing-table-4.sep-boxed-pricing .panel-heading h3{color:#ffffff;}\n\t\t\t\t.pricing-table-4.full-boxed-pricing.fusion-pricing-table .panel-heading h3{color:#242930;}\n\t\t\t\t.pricing-table-4.fusion-pricing-table .panel-body .price .decimal-part{color:#62a2c4;}\n\t\t\t\t.pricing-table-4.fusion-pricing-table .panel-body .price .integer-part{color:#62a2c4;}\n\t\t\t\t.pricing-table-4 ul.list-group li{color:#5a5d62;}\n\t\t\t\t<\/style><div class=\"fusion-pricing-table pricing-table-4 full-boxed-pricing row fusion-columns-1 columns-1 fusion-clearfix\"><div class=\"panel-wrapper fusion-column column col-lg-12 col-md-12 col-sm-12 fusion-pricingtable-column\"><div class=\"panel-container\"><div class=\"fusion-panel\"><div class=\"panel-heading\"><h3 class=\"title-row\">DOG BRETTSPIEL 8ER<\/h3><\/div><div class=\"panel-body pricing-row\"><div class=\"price price-with-decimal\"><span class=\"currency\">CHF<\/span><span class=\"integer-part\">ab 250<\/span><sup class=\"decimal-part\">00<\/sup><span class=\"time\">\/je nach Design<\/span><\/div><\/div><ul class=\"list-group\"><li class=\"list-group-item normal-row\">Material: Ahorn<\/li><li class=\"list-group-item normal-row\"> Vorderseite Variante: 8 Spieler<\/li><li class=\"list-group-item normal-row\">R\u00fcckseite Variante: ohne R\u00fcckseite<\/li><li class=\"list-group-item normal-row\">inkl. Spielfiguren, Spielkarten und Anleitung<\/li><\/ul><div class=\"panel-footer footer-row\">Gr\u00f6sse:<\/div><\/div><\/div><\/div><\/div><div class=\"fusion-clearfix\"><\/div><\/div><\/div><div class=\"fusion-layout-column fusion_builder_column fusion-builder-column-8 fusion_builder_column_1_6 1_6 fusion-one-sixth fusion-column-last\" style=\"--awb-bg-size:cover;width:13.3333%;\"><div class=\"fusion-column-wrapper fusion-flex-column-wrapper-legacy\"><div class=\"fusion-clearfix\"><\/div><\/div><\/div><div class=\"fusion-layout-column fusion_builder_column fusion-builder-column-9 fusion_builder_column_1_1 1_1 fusion-one-full fusion-column-first fusion-column-last\" style=\"--awb-bg-size:cover;\"><div class=\"fusion-column-wrapper fusion-flex-column-wrapper-legacy\"><div class=\"fusion-sep-clear\"><\/div><div class=\"fusion-separator fusion-full-width-sep\" style=\"margin-left: auto;margin-right: auto;margin-top:80px;width:100%;\"><\/div><div class=\"fusion-sep-clear\"><\/div><div class=\"fusion-clearfix\"><\/div><\/div><\/div><div class=\"fusion-layout-column fusion_builder_column fusion-builder-column-10 fusion_builder_column_2_3 2_3 fusion-two-third fusion-column-first\" style=\"--awb-bg-size:cover;width:65.3333%; margin-right: 4%;\"><div class=\"fusion-column-wrapper fusion-flex-column-wrapper-legacy\">\n<div class=\"wpcf7 no-js\" id=\"wpcf7-f785-o1\" lang=\"de-DE\" dir=\"ltr\">\n<div class=\"screen-reader-response\"><p role=\"status\" aria-live=\"polite\" aria-atomic=\"true\"><\/p> <ul><\/ul><\/div>\n<form action=\"\/index.php?rest_route=%2Fwp%2Fv2%2Fpages%2F780#wpcf7-f785-o1\" method=\"post\" class=\"wpcf7-form init\" aria-label=\"Kontaktformular\" novalidate=\"novalidate\" data-status=\"init\">\n<div style=\"display: none;\">\n<input type=\"hidden\" name=\"_wpcf7\" value=\"785\" \/>\n<input type=\"hidden\" name=\"_wpcf7_version\" value=\"5.9.4\" \/>\n<input type=\"hidden\" name=\"_wpcf7_locale\" value=\"de_DE\" \/>\n<input type=\"hidden\" name=\"_wpcf7_unit_tag\" value=\"wpcf7-f785-o1\" \/>\n<input type=\"hidden\" name=\"_wpcf7_container_post\" value=\"0\" \/>\n<input type=\"hidden\" name=\"_wpcf7_posted_data_hash\" value=\"\" \/>\n<input type=\"hidden\" name=\"_wpcf7_recaptcha_response\" value=\"\" \/>\n<\/div>\n<div style=\"color: #fff; text-transform: uppercase;\">\n\t<p><label>DEIN NAME *<br \/>\n<span class=\"wpcf7-form-control-wrap\" data-name=\"your-name\"><input size=\"40\" class=\"wpcf7-form-control wpcf7-text wpcf7-validates-as-required\" aria-required=\"true\" aria-invalid=\"false\" value=\"\" type=\"text\" name=\"your-name\" \/><\/span> <\/label>\n\t<\/p>\n\t<p><label>DEINE ADRESSE *<br \/>\n<span class=\"wpcf7-form-control-wrap\" data-name=\"your-address\"><input size=\"40\" class=\"wpcf7-form-control wpcf7-text wpcf7-validates-as-required\" aria-required=\"true\" aria-invalid=\"false\" value=\"\" type=\"text\" name=\"your-address\" \/><\/span> <\/label>\n\t<\/p>\n\t<p><label>DEINE EMAIL *<br \/>\n<span class=\"wpcf7-form-control-wrap\" data-name=\"your-email\"><input size=\"40\" class=\"wpcf7-form-control wpcf7-email wpcf7-validates-as-required wpcf7-text wpcf7-validates-as-email\" aria-required=\"true\" aria-invalid=\"false\" value=\"\" type=\"email\" name=\"your-email\" \/><\/span> <\/label>\n\t<\/p>\n\t<p><label>BETREFF *<br \/>\n<span class=\"wpcf7-form-control-wrap\" data-name=\"your-subject\"><input size=\"40\" class=\"wpcf7-form-control wpcf7-text wpcf7-validates-as-required\" aria-required=\"true\" aria-invalid=\"false\" value=\"\" type=\"text\" name=\"your-subject\" \/><\/span> <\/label>\n\t<\/p>\n\t<p>BRETTSPIEL GR\u00d6SSE *<br \/>\n<span class=\"wpcf7-form-control-wrap\" data-name=\"your-DOGsize\"><span class=\"wpcf7-form-control wpcf7-checkbox wpcf7-validates-as-required\"><span class=\"wpcf7-list-item first\"><label><input type=\"checkbox\" name=\"your-DOGsize[]\" value=\"BRETTSPIEL 18CM\" \/><span class=\"wpcf7-list-item-label\">BRETTSPIEL 18CM<\/span><\/label><\/span><span class=\"wpcf7-list-item\"><label><input type=\"checkbox\" name=\"your-DOGsize[]\" value=\"BRETTSPIEL 32CM\" \/><span class=\"wpcf7-list-item-label\">BRETTSPIEL 32CM<\/span><\/label><\/span><span class=\"wpcf7-list-item\"><label><input type=\"checkbox\" name=\"your-DOGsize[]\" value=\"BRETTSPIEL 42CM\" \/><span class=\"wpcf7-list-item-label\">BRETTSPIEL 42CM<\/span><\/label><\/span><span class=\"wpcf7-list-item last\"><label><input type=\"checkbox\" name=\"your-DOGsize[]\" value=\"BRETTSPIEL 8ER\" \/><span class=\"wpcf7-list-item-label\">BRETTSPIEL 8ER<\/span><\/label><\/span><\/span><\/span>\n\t<\/p>\n\t<p><label>DEINE TELEFON NUMMER<br \/>\n<span class=\"wpcf7-form-control-wrap\" data-name=\"tel-350\"><input size=\"40\" class=\"wpcf7-form-control wpcf7-tel wpcf7-text wpcf7-validates-as-tel\" aria-invalid=\"false\" value=\"\" type=\"tel\" name=\"tel-350\" \/><\/span> <\/label>\n\t<\/p>\n\t<p>DOG VARIANTE VORDERSEITE<br \/>\n<span class=\"wpcf7-form-control-wrap\" data-name=\"your-DOGfront\"><select class=\"wpcf7-form-control wpcf7-select\" aria-invalid=\"false\" name=\"your-DOGfront\"><option value=\"\">&#8211; Bitte ausw\u00e4hlen &#8211;<\/option><option value=\"2 Spieler\">2 Spieler<\/option><option value=\"3 Spieler\">3 Spieler<\/option><option value=\"4 Spieler\">4 Spieler<\/option><option value=\"5 Spieler\">5 Spieler<\/option><option value=\"6 Spieler\">6 Spieler<\/option><option value=\"8 Spieler\">8 Spieler<\/option><\/select><\/span>\n\t<\/p>\n\t<p>DOG VARIANTE R\u00dcCKSEITE<br \/>\n<span class=\"wpcf7-form-control-wrap\" data-name=\"your-DOGback\"><select class=\"wpcf7-form-control wpcf7-select\" aria-invalid=\"false\" name=\"your-DOGback\"><option value=\"\">&#8211; Bitte ausw\u00e4hlen &#8211;<\/option><option value=\"3 Spieler\">3 Spieler<\/option><option value=\"4 Spieler\">4 Spieler<\/option><option value=\"5 Spieler\">5 Spieler<\/option><option value=\"6 Spieler\">6 Spieler<\/option><\/select><\/span>\n\t<\/p>\n\t<p><label>BEMERKUNG<br \/>\n<span class=\"wpcf7-form-control-wrap\" data-name=\"your-message\"><textarea cols=\"40\" rows=\"10\" class=\"wpcf7-form-control wpcf7-textarea\" aria-invalid=\"false\" name=\"your-message\"><\/textarea><\/span> <\/label>\n\t<\/p>\n\t<p><input class=\"wpcf7-form-control wpcf7-submit has-spinner\" type=\"submit\" value=\"SENDEN\" \/>\n\t<\/p>\n<\/div><div class=\"fusion-alert alert custom alert-custom fusion-alert-center wpcf7-response-output fusion-alert-capitalize awb-alert-native-link-color alert-dismissable awb-alert-close-boxed\" style=\"--awb-border-top-left-radius:0px;--awb-border-top-right-radius:0px;--awb-border-bottom-left-radius:0px;--awb-border-bottom-right-radius:0px;\" role=\"alert\"><div class=\"fusion-alert-content-wrapper\"><span class=\"fusion-alert-content\"><\/span><\/div><button type=\"button\" class=\"close toggle-alert\" data-dismiss=\"alert\" aria-label=\"Close\">&times;<\/button><\/div>\n<\/form>\n<\/div>\n<div class=\"fusion-clearfix\"><\/div><\/div><\/div><\/div><\/div>\n","protected":false},"excerpt":{"rendered":"","protected":false},"author":1,"featured_media":0,"parent":0,"menu_order":0,"comment_status":"closed","ping_status":"closed","template":"100-width.php","meta":{"footnotes":""},"_links":{"self":[{"href":"https:\/\/attilios-dog-brettspiele.ch\/index.php?rest_route=\/wp\/v2\/pages\/780"}],"collection":[{"href":"https:\/\/attilios-dog-brettspiele.ch\/index.php?rest_route=\/wp\/v2\/pages"}],"about":[{"href":"https:\/\/attilios-dog-brettspiele.ch\/index.php?rest_route=\/wp\/v2\/types\/page"}],"author":[{"embeddable":true,"href":"https:\/\/attilios-dog-brettspiele.ch\/index.php?rest_route=\/wp\/v2\/users\/1"}],"replies":[{"embeddable":true,"href":"https:\/\/attilios-dog-brettspiele.ch\/index.php?rest_route=%2Fwp%2Fv2%2Fcomments&post=780"}],"version-history":[{"count":24,"href":"https:\/\/attilios-dog-brettspiele.ch\/index.php?rest_route=\/wp\/v2\/pages\/780\/revisions"}],"predecessor-version":[{"id":1325,"href":"https:\/\/attilios-dog-brettspiele.ch\/index.php?rest_route=\/wp\/v2\/pages\/780\/revisions\/1325"}],"wp:attachment":[{"href":"https:\/\/attilios-dog-brettspiele.ch\/index.php?rest_route=%2Fwp%2Fv2%2Fmedia&parent=780"}],"curies":[{"name":"wp","href":"https:\/\/api.w.org\/{rel}","templated":true}]}}